{"id":1371,"date":"2023-02-13T16:41:00","date_gmt":"2023-02-13T16:41:00","guid":{"rendered":"https:\/\/ipoli.macae.ufrj.br\/?page_id=1371"},"modified":"2023-02-13T17:08:01","modified_gmt":"2023-02-13T17:08:01","slug":"como-chegar","status":"publish","type":"page","link":"https:\/\/ipoli.macae.ufrj.br\/pt_br\/como-chegar\/","title":{"rendered":"Como chegar"},"content":{"rendered":"\t\t<div data-elementor-type=\"wp-page\" data-elementor-id=\"1371\" class=\"elementor elementor-1371\" data-elementor-settings=\"{&quot;ha_cmc_init_switcher&quot;:&quot;no&quot;}\">\n\t\t\t\t\t\t<section class=\"elementor-section elementor-top-section elementor-element elementor-element-ce0fcb7 elementor-section-boxed elementor-section-height-default elementor-section-height-default exad-glass-effect-no wpr-particle-no wpr-jarallax-no wpr-parallax-no wpr-sticky-section-no wpr-equal-height-no exad-sticky-section-no\" data-id=\"ce0fcb7\" data-element_type=\"section\" data-e-type=\"section\" data-settings=\"{&quot;_ha_eqh_enable&quot;:false}\">\n\t\t\t\t\t\t<div class=\"elementor-container elementor-column-gap-default\">\n\t\t\t\t\t<div class=\"elementor-column elementor-col-100 elementor-top-column elementor-element elementor-element-aad5010 exad-glass-effect-no exad-sticky-section-no\" data-id=\"aad5010\" data-element_type=\"column\" data-e-type=\"column\">\n\t\t\t<div class=\"elementor-widget-wrap elementor-element-populated\">\n\t\t\t\t\t\t<div class=\"elementor-element elementor-element-8643d30 exad-sticky-section-no exad-glass-effect-no elementor-widget elementor-widget-heading\" data-id=\"8643d30\" data-element_type=\"widget\" data-e-type=\"widget\" data-widget_type=\"heading.default\">\n\t\t\t\t<div class=\"elementor-widget-container\">\n\t\t\t\t\t<h4 class=\"elementor-heading-title elementor-size-default\">Como chegar:<\/h4>\t\t\t\t<\/div>\n\t\t\t\t<\/div>\n\t\t\t\t<div class=\"elementor-element elementor-element-e07bf7a exad-sticky-section-no exad-glass-effect-no elementor-widget elementor-widget-spacer\" data-id=\"e07bf7a\" data-element_type=\"widget\" data-e-type=\"widget\" data-widget_type=\"spacer.default\">\n\t\t\t\t<div class=\"elementor-widget-container\">\n\t\t\t\t\t\t\t<div class=\"elementor-spacer\">\n\t\t\t<div class=\"elementor-spacer-inner\"><\/div>\n\t\t<\/div>\n\t\t\t\t\t\t<\/div>\n\t\t\t\t<\/div>\n\t\t\t\t<div class=\"elementor-element elementor-element-e3265e3 exad-sticky-section-no exad-glass-effect-no elementor-widget elementor-widget-heading\" data-id=\"e3265e3\" data-element_type=\"widget\" data-e-type=\"widget\" data-widget_type=\"heading.default\">\n\t\t\t\t<div class=\"elementor-widget-container\">\n\t\t\t\t\t<h5 class=\"elementor-heading-title elementor-size-default\">De \u00f4nibus:<\/h5>\t\t\t\t<\/div>\n\t\t\t\t<\/div>\n\t\t\t\t<div class=\"elementor-element elementor-element-df7b48f exad-sticky-section-no exad-glass-effect-no elementor-widget elementor-widget-text-editor\" data-id=\"df7b48f\" data-element_type=\"widget\" data-e-type=\"widget\" data-widget_type=\"text-editor.default\">\n\t\t\t\t<div class=\"elementor-widget-container\">\n\t\t\t\t\t\t\t\t\t<p>No Terminal Central de Maca\u00e9, embarcar no \u00f4nibus do Sistema Integrado de Transportes \u2013 SIT Maca\u00e9 \u2013 na <strong>linha T51 <\/strong>(Terminal Central x Terminal Parque de Tubos) ou\u00a0<b>linha T61<\/b>\u00a0<span style=\"color: var( --e-global-color-text ); font-size: 1rem;\">(Terminal Central x Cavaleitos \u2013 Via Firmas) e\u00a0<\/span><span style=\"font-style: inherit; font-weight: inherit; color: var( --e-global-color-text );\">desembarcar no Polo Universit\u00e1rio, em frente ao Shopping Plaza Maca\u00e9.<\/span><\/p><p>Embarcando no Terminal Parque de Tubos as linhas ser\u00e3o\u00a0<strong>T51 <\/strong>(Terminal Central x Terminal Parque de Tubos) ou <b>T23C<\/b> (Terminal Lagomar x Cavaleiros \u2013 Via Shopping).<\/p><p>\u00a0<\/p>\t\t\t\t\t\t\t\t<\/div>\n\t\t\t\t<\/div>\n\t\t\t\t<div class=\"elementor-element elementor-element-bcf56a2 exad-sticky-section-no exad-glass-effect-no elementor-widget elementor-widget-html\" data-id=\"bcf56a2\" data-element_type=\"widget\" data-e-type=\"widget\" data-widget_type=\"html.default\">\n\t\t\t\t<div class=\"elementor-widget-container\">\n\t\t\t\t\t<iframe src=\"https:\/\/www.google.com\/maps\/embed?pb=!1m28!1m12!1m3!1d29514.356247240597!2d-41.810526790529494!3d-22.380251474900803!2m3!1f0!2f0!3f0!3m2!1i1024!2i768!4f13.1!4m13!3e0!4m5!1s0x96306012441b61%3A0x158dd452d920abd!2sRodovi%C3%A1ria!3m2!1d-22.3788071!2d-41.779612799999995!4m5!1s0x963118b3691353%3A0x689ca8e77e691afe!2sUFRJ%20-%20Campus%20Maca%C3%A9!3m2!1d-22.389315699999997!2d-41.8064889!5e0!3m2!1spt-BR!2sus!4v1676307731515!5m2!1spt-BR!2sus\" width=\"600\" height=\"450\" style=\"border:0;\" allowfullscreen=\"\" loading=\"lazy\" referrerpolicy=\"no-referrer-when-downgrade\"><\/iframe>\t\t\t\t<\/div>\n\t\t\t\t<\/div>\n\t\t\t\t<div class=\"elementor-element elementor-element-c482443 exad-sticky-section-no exad-glass-effect-no elementor-widget elementor-widget-spacer\" data-id=\"c482443\" data-element_type=\"widget\" data-e-type=\"widget\" data-widget_type=\"spacer.default\">\n\t\t\t\t<div class=\"elementor-widget-container\">\n\t\t\t\t\t\t\t<div class=\"elementor-spacer\">\n\t\t\t<div class=\"elementor-spacer-inner\"><\/div>\n\t\t<\/div>\n\t\t\t\t\t\t<\/div>\n\t\t\t\t<\/div>\n\t\t\t\t<div class=\"elementor-element elementor-element-0d2bb11 exad-sticky-section-no exad-glass-effect-no elementor-widget elementor-widget-heading\" data-id=\"0d2bb11\" data-element_type=\"widget\" data-e-type=\"widget\" data-widget_type=\"heading.default\">\n\t\t\t\t<div class=\"elementor-widget-container\">\n\t\t\t\t\t<h5 class=\"elementor-heading-title elementor-size-default\">Da Br-101 (Entrada de Maca\u00e9):<\/h5>\t\t\t\t<\/div>\n\t\t\t\t<\/div>\n\t\t\t\t<div class=\"elementor-element elementor-element-b3fa7e2 exad-sticky-section-no exad-glass-effect-no elementor-widget elementor-widget-html\" data-id=\"b3fa7e2\" data-element_type=\"widget\" data-e-type=\"widget\" data-widget_type=\"html.default\">\n\t\t\t\t<div class=\"elementor-widget-container\">\n\t\t\t\t\t<iframe src=\"https:\/\/www.google.com\/maps\/embed?pb=!1m26!1m12!1m3!1d59032.447388334855!2d-41.90080734188556!3d-22.371445711379092!2m3!1f0!2f0!3f0!3m2!1i1024!2i768!4f13.1!4m11!3e0!4m3!3m2!1d-22.356057!2d-41.9303112!4m5!1s0x963118b3691353%3A0x689ca8e77e691afe!2sUFRJ%20-%20Campus%20Maca%C3%A9!3m2!1d-22.389315699999997!2d-41.8064889!5e0!3m2!1spt-BR!2sus!4v1676307268925!5m2!1spt-BR!2sus\" width=\"600\" height=\"450\" style=\"border:0;\" allowfullscreen=\"\" loading=\"lazy\" referrerpolicy=\"no-referrer-when-downgrade\"><\/iframe>\t\t\t\t<\/div>\n\t\t\t\t<\/div>\n\t\t\t\t<div class=\"elementor-element elementor-element-f609cb3 exad-sticky-section-no exad-glass-effect-no elementor-widget elementor-widget-spacer\" data-id=\"f609cb3\" data-element_type=\"widget\" data-e-type=\"widget\" data-widget_type=\"spacer.default\">\n\t\t\t\t<div class=\"elementor-widget-container\">\n\t\t\t\t\t\t\t<div class=\"elementor-spacer\">\n\t\t\t<div class=\"elementor-spacer-inner\"><\/div>\n\t\t<\/div>\n\t\t\t\t\t\t<\/div>\n\t\t\t\t<\/div>\n\t\t\t\t<div class=\"elementor-element elementor-element-5ffdf73 exad-sticky-section-no exad-glass-effect-no elementor-widget elementor-widget-heading\" data-id=\"5ffdf73\" data-element_type=\"widget\" data-e-type=\"widget\" data-widget_type=\"heading.default\">\n\t\t\t\t<div class=\"elementor-widget-container\">\n\t\t\t\t\t<h5 class=\"elementor-heading-title elementor-size-default\">Da Rodovia Amaral Peixoto:<\/h5>\t\t\t\t<\/div>\n\t\t\t\t<\/div>\n\t\t\t\t<div class=\"elementor-element elementor-element-46fc48f exad-sticky-section-no exad-glass-effect-no elementor-widget elementor-widget-html\" data-id=\"46fc48f\" data-element_type=\"widget\" data-e-type=\"widget\" data-widget_type=\"html.default\">\n\t\t\t\t<div class=\"elementor-widget-container\">\n\t\t\t\t\t<iframe src=\"https:\/\/www.google.com\/maps\/embed?pb=!1m26!1m12!1m3!1d24109.035877888997!2d-41.813100867403634!3d-22.39724431260392!2m3!1f0!2f0!3f0!3m2!1i1024!2i768!4f13.1!4m11!3e0!4m3!3m2!1d-22.4047681!2d-41.8013444!4m5!1s0x963118b3691353%3A0x689ca8e77e691afe!2sUFRJ%20-%20Campus%20Maca%C3%A9!3m2!1d-22.389315699999997!2d-41.8064889!5e0!3m2!1spt-BR!2sus!4v1676307613140!5m2!1spt-BR!2sus\" width=\"600\" height=\"450\" style=\"border:0;\" allowfullscreen=\"\" loading=\"lazy\" referrerpolicy=\"no-referrer-when-downgrade\"><\/iframe>\t\t\t\t<\/div>\n\t\t\t\t<\/div>\n\t\t\t\t\t<\/div>\n\t\t<\/div>\n\t\t\t\t\t<\/div>\n\t\t<\/section>\n\t\t\t\t<\/div>\n\t\t","protected":false},"excerpt":{"rendered":"<p>Como chegar: De \u00f4nibus: No Terminal Central de Maca\u00e9, embarcar no \u00f4nibus do Sistema Integrado de Transportes \u2013 SIT Maca\u00e9<\/p>\n","protected":false},"author":1,"featured_media":0,"parent":0,"menu_order":0,"comment_status":"closed","ping_status":"closed","template":"elementor_header_footer","meta":{"footnotes":""},"folder":[],"class_list":["post-1371","page","type-page","status-publish","hentry"],"_links":{"self":[{"href":"https:\/\/ipoli.macae.ufrj.br\/pt_br\/wp-json\/wp\/v2\/pages\/1371","targetHints":{"allow":["GET"]}}],"collection":[{"href":"https:\/\/ipoli.macae.ufrj.br\/pt_br\/wp-json\/wp\/v2\/pages"}],"about":[{"href":"https:\/\/ipoli.macae.ufrj.br\/pt_br\/wp-json\/wp\/v2\/types\/page"}],"author":[{"embeddable":true,"href":"https:\/\/ipoli.macae.ufrj.br\/pt_br\/wp-json\/wp\/v2\/users\/1"}],"replies":[{"embeddable":true,"href":"https:\/\/ipoli.macae.ufrj.br\/pt_br\/wp-json\/wp\/v2\/comments?post=1371"}],"version-history":[{"count":10,"href":"https:\/\/ipoli.macae.ufrj.br\/pt_br\/wp-json\/wp\/v2\/pages\/1371\/revisions"}],"predecessor-version":[{"id":1392,"href":"https:\/\/ipoli.macae.ufrj.br\/pt_br\/wp-json\/wp\/v2\/pages\/1371\/revisions\/1392"}],"wp:attachment":[{"href":"https:\/\/ipoli.macae.ufrj.br\/pt_br\/wp-json\/wp\/v2\/media?parent=1371"}],"wp:term":[{"taxonomy":"folder","embeddable":true,"href":"https:\/\/ipoli.macae.ufrj.br\/pt_br\/wp-json\/wp\/v2\/folder?post=1371"}],"curies":[{"name":"wp","href":"https:\/\/api.w.org\/{rel}","templated":true}]}}